{"id":45,"date":"2014-09-04T22:44:40","date_gmt":"2014-09-04T21:44:40","guid":{"rendered":"https:\/\/pes-ain.fr\/reyrieux\/?page_id=45"},"modified":"2017-10-21T13:40:32","modified_gmt":"2017-10-21T11:40:32","slug":"osteopathie","status":"publish","type":"page","link":"https:\/\/pes-ain.fr\/reyrieux\/osteopathie\/","title":{"rendered":"Ost\u00e9opathie"},"content":{"rendered":"<div class=\"fusion-fullwidth fullwidth-box fusion-builder-row-1 hundred-percent-fullwidth non-hundred-percent-height-scrolling\" style=\"--awb-border-radius-top-left:0px;--awb-border-radius-top-right:0px;--awb-border-radius-bottom-right:0px;--awb-border-radius-bottom-left:0px;--awb-overflow:visible;\" ><div class=\"fusion-builder-row fusion-row\"><div class=\"fusion-layout-column fusion_builder_column fusion-builder-column-0 fusion_builder_column_1_1 1_1 fusion-one-full fusion-column-first fusion-column-last fusion-column-no-min-height\" style=\"--awb-bg-size:cover;--awb-margin-top:0px;--awb-margin-bottom:0px;\"><div class=\"fusion-column-wrapper fusion-flex-column-wrapper-legacy\"><div class=\"fusion-title title fusion-title-1 fusion-title-center fusion-title-text fusion-title-size-one\"><div class=\"title-sep-container title-sep-container-left\"><div class=\"title-sep sep-double sep-solid\" style=\"border-color:#e0dede;\"><\/div><\/div><span class=\"awb-title-spacer\"><\/span><h1 class=\"title-heading-center fusion-responsive-typography-calculated\" style=\"margin:0;--fontSize:34;line-height:1.41;\">L&rsquo;Ost\u00e9opathie<\/h1><span class=\"awb-title-spacer\"><\/span><div class=\"title-sep-container title-sep-container-right\"><div class=\"title-sep sep-double sep-solid\" style=\"border-color:#e0dede;\"><\/div><\/div><\/div><div class=\"fusion-text fusion-text-1\"><p>L\u2019Ost\u00e9opathie\u00a0est une th\u00e9rapie manuelle qui consid\u00e8re\u00a0l\u2019individu dans sa globalit\u00e9\u00a0et s\u2019appuie sur une connaissance approfondie de l\u2019anatomie, de la physiologie et de la pathologie. L\u2019ost\u00e9opathe recherche des restrictions de mobilit\u00e9 articulaires, fasciales, musculaires, visc\u00e9rales et cr\u00e2niennes qui peuvent entra\u00eener des troubles fonctionnels.<\/p>\n<p>L\u2019ost\u00e9opathe cherchera\u00a0le m\u00e9canisme de mise en place de la douleur. C\u2019est pour cela qu\u2019il effectuera une anamn\u00e8se compl\u00e8te en prenant en compte la globalit\u00e9 du corps humain<\/p>\n<p>Pour cela l\u2019ost\u00e9opathe s\u2019appuie sur 5 principes fondamentaux \u00e9nonc\u00e9 par A. T. Still, fondateur de l\u2019ost\u00e9opathie\u00a0:<\/p>\n<ul>\n<li>Principe de globalit\u00e9: L\u2019individu doit \u00eatre consid\u00e9r\u00e9 dans son ensemble. C\u2019est \u00e0 dire qu\u2019il faut consid\u00e9rer l\u2019histoire du patient (son pass\u00e9, son pr\u00e9sent, sa psych\u00e9, son environnement social, mais \u00e9galement ses activit\u00e9s, son m\u00e9tier\u2026) et surtout ne pas oublier que le corps humain est un ensemble d\u2019\u00e9l\u00e9ments. Ces \u00e9l\u00e9ments sont reli\u00e9s entre eux et sont en continuit\u00e9, ils ne peuvent pas fonctionner ind\u00e9pendamment les uns des autres.<\/li>\n<li>Principe de l\u2019interrelation structure\/fonction\u00a0:Il existe une interd\u00e9pendance permanente entre les structures et les fonctions de l\u2019organisme. C\u2019est \u00e0 dire que chaque fonction d\u00e9pend de structures, mais \u00e9galement que chaque structure d\u00e9pend de fonctions. Un\u00a0d\u00e9faut de l\u2019une retentira donc in\u00e9vitablement sur l\u2019autre.<\/li>\n<li>Principe de \u201cla Vie, c\u2019est le Mouvement\u00a0\u00bb\u00a0:\u00a0Pour que les lois physiologiques puissent s\u2019appliquer dans toutes les structures du corps, il faut que ces dites structures puissent se mobiliser sans contraintes.<\/li>\n<li>Principe de l\u2019auto-gu\u00e9rison\u00a0:\u00a0Hors traumatismes importants (physiques ou \u00e9motionnels) et si l\u2019hygi\u00e8ne de vie est correcte, le corps peut se maintenir en bonne sant\u00e9 sans aide ext\u00e9rieure.<\/li>\n<li>Principe de la loi de l\u2019Art\u00e8re\u00a0:\u00a0Toutes les circulations du corps doivent imp\u00e9rativement \u00eatre libres et fluides, que ce soit la circulation sanguine, lymphatique, des liquides intra\/extra\/inter cellulaires, mais \u00e9galement le syst\u00e8me nerveux, etc. L\u2019int\u00e9grit\u00e9 de ces syst\u00e8mes est une condition ind\u00e9niable \u00e0 une bonne sant\u00e9.<\/li>\n<\/ul>\n<\/div><div class=\"fusion-clearfix\"><\/div><\/div><\/div><div class=\"fusion-layout-column fusion_builder_column fusion-builder-column-1 fusion_builder_column_1_4 1_4 fusion-one-fourth fusion-column-first\" style=\"--awb-bg-size:cover;width:25%;width:calc(25% - ( ( 4% + 4% ) * 0.25 ) );margin-right: 4%;\"><div class=\"fusion-column-wrapper fusion-flex-column-wrapper-legacy\"><div class=\"fusion-clearfix\"><\/div><\/div><\/div><div class=\"fusion-layout-column fusion_builder_column fusion-builder-column-2 fusion_builder_column_1_2 1_2 fusion-one-half\" style=\"--awb-bg-size:cover;width:50%;width:calc(50% - ( ( 4% + 4% ) * 0.5 ) );margin-right: 4%;\"><div class=\"fusion-column-wrapper fusion-flex-column-wrapper-legacy\"><div class=\"fusion-video fusion-youtube\" style=\"--awb-max-width:600px;--awb-max-height:350px;\"><div class=\"video-shortcode\"><div class=\"fluid-width-video-wrapper\" style=\"padding-top:58.33%;\" ><iframe title=\"YouTube video player 1\" src=\"https:\/\/www.youtube.com\/embed\/AexLIJ-_pnY?wmode=transparent&autoplay=0\" width=\"600\" height=\"350\" allowfullscreen allow=\"autoplay; fullscreen\"><\/iframe><\/div><\/div><\/div><div class=\"fusion-clearfix\"><\/div><\/div><\/div><div class=\"fusion-layout-column fusion_builder_column fusion-builder-column-3 fusion_builder_column_1_4 1_4 fusion-one-fourth fusion-column-last\" style=\"--awb-bg-size:cover;width:25%;width:calc(25% - ( ( 4% + 4% ) * 0.25 ) );\"><div class=\"fusion-column-wrapper fusion-flex-column-wrapper-legacy\"><div class=\"fusion-clearfix\"><\/div><\/div><\/div><\/div><\/div>\n","protected":false},"excerpt":{"rendered":"","protected":false},"author":1,"featured_media":0,"parent":0,"menu_order":0,"comment_status":"open","ping_status":"open","template":"","meta":[],"yoast_head":"<!-- This site is optimized with the Yoast SEO plugin v21.1 - https:\/\/yoast.com\/wordpress\/plugins\/seo\/ -->\n<title>Ost\u00e9opathie - P\u00f4le Equilibre&amp;Sant\u00e9 de Reyrieux<\/title>\n<meta name=\"robots\" content=\"index, follow, max-snippet:-1, max-image-preview:large, max-video-preview:-1\" \/>\n<link rel=\"canonical\" href=\"https:\/\/pes-ain.fr\/reyrieux\/osteopathie\/\" \/>\n<meta property=\"og:locale\" content=\"fr_FR\" \/>\n<meta property=\"og:type\" content=\"article\" \/>\n<meta property=\"og:title\" content=\"Ost\u00e9opathie - P\u00f4le Equilibre&amp;Sant\u00e9 de Reyrieux\" \/>\n<meta property=\"og:url\" content=\"https:\/\/pes-ain.fr\/reyrieux\/osteopathie\/\" \/>\n<meta property=\"og:site_name\" content=\"P\u00f4le Equilibre&amp;Sant\u00e9 de Reyrieux\" \/>\n<meta property=\"article:modified_time\" content=\"2017-10-21T11:40:32+00:00\" \/>\n<meta name=\"twitter:card\" content=\"summary_large_image\" \/>\n<meta name=\"twitter:label1\" content=\"Dur\u00e9e de lecture estim\u00e9e\" \/>\n\t<meta name=\"twitter:data1\" content=\"3 minutes\" \/>\n<script type=\"application\/ld+json\" class=\"yoast-schema-graph\">{\"@context\":\"https:\/\/schema.org\",\"@graph\":[{\"@type\":\"WebPage\",\"@id\":\"https:\/\/pes-ain.fr\/reyrieux\/osteopathie\/\",\"url\":\"https:\/\/pes-ain.fr\/reyrieux\/osteopathie\/\",\"name\":\"Ost\u00e9opathie - P\u00f4le Equilibre&amp;Sant\u00e9 de Reyrieux\",\"isPartOf\":{\"@id\":\"https:\/\/pes-ain.fr\/reyrieux\/#website\"},\"datePublished\":\"2014-09-04T21:44:40+00:00\",\"dateModified\":\"2017-10-21T11:40:32+00:00\",\"breadcrumb\":{\"@id\":\"https:\/\/pes-ain.fr\/reyrieux\/osteopathie\/#breadcrumb\"},\"inLanguage\":\"fr-FR\",\"potentialAction\":[{\"@type\":\"ReadAction\",\"target\":[\"https:\/\/pes-ain.fr\/reyrieux\/osteopathie\/\"]}]},{\"@type\":\"BreadcrumbList\",\"@id\":\"https:\/\/pes-ain.fr\/reyrieux\/osteopathie\/#breadcrumb\",\"itemListElement\":[{\"@type\":\"ListItem\",\"position\":1,\"name\":\"Accueil\",\"item\":\"https:\/\/pes-ain.fr\/reyrieux\/\"},{\"@type\":\"ListItem\",\"position\":2,\"name\":\"Ost\u00e9opathie\"}]},{\"@type\":\"WebSite\",\"@id\":\"https:\/\/pes-ain.fr\/reyrieux\/#website\",\"url\":\"https:\/\/pes-ain.fr\/reyrieux\/\",\"name\":\"P\u00f4le Equilibre&amp;Sant\u00e9 de Reyrieux\",\"description\":\"\",\"potentialAction\":[{\"@type\":\"SearchAction\",\"target\":{\"@type\":\"EntryPoint\",\"urlTemplate\":\"https:\/\/pes-ain.fr\/reyrieux\/?s={search_term_string}\"},\"query-input\":\"required name=search_term_string\"}],\"inLanguage\":\"fr-FR\"}]}<\/script>\n<!-- \/ Yoast SEO plugin. -->","yoast_head_json":{"title":"Ost\u00e9opathie - P\u00f4le Equilibre&amp;Sant\u00e9 de Reyrieux","robots":{"index":"index","follow":"follow","max-snippet":"max-snippet:-1","max-image-preview":"max-image-preview:large","max-video-preview":"max-video-preview:-1"},"canonical":"https:\/\/pes-ain.fr\/reyrieux\/osteopathie\/","og_locale":"fr_FR","og_type":"article","og_title":"Ost\u00e9opathie - P\u00f4le Equilibre&amp;Sant\u00e9 de Reyrieux","og_url":"https:\/\/pes-ain.fr\/reyrieux\/osteopathie\/","og_site_name":"P\u00f4le Equilibre&amp;Sant\u00e9 de Reyrieux","article_modified_time":"2017-10-21T11:40:32+00:00","twitter_card":"summary_large_image","twitter_misc":{"Dur\u00e9e de lecture estim\u00e9e":"3 minutes"},"schema":{"@context":"https:\/\/schema.org","@graph":[{"@type":"WebPage","@id":"https:\/\/pes-ain.fr\/reyrieux\/osteopathie\/","url":"https:\/\/pes-ain.fr\/reyrieux\/osteopathie\/","name":"Ost\u00e9opathie - P\u00f4le Equilibre&amp;Sant\u00e9 de Reyrieux","isPartOf":{"@id":"https:\/\/pes-ain.fr\/reyrieux\/#website"},"datePublished":"2014-09-04T21:44:40+00:00","dateModified":"2017-10-21T11:40:32+00:00","breadcrumb":{"@id":"https:\/\/pes-ain.fr\/reyrieux\/osteopathie\/#breadcrumb"},"inLanguage":"fr-FR","potentialAction":[{"@type":"ReadAction","target":["https:\/\/pes-ain.fr\/reyrieux\/osteopathie\/"]}]},{"@type":"BreadcrumbList","@id":"https:\/\/pes-ain.fr\/reyrieux\/osteopathie\/#breadcrumb","itemListElement":[{"@type":"ListItem","position":1,"name":"Accueil","item":"https:\/\/pes-ain.fr\/reyrieux\/"},{"@type":"ListItem","position":2,"name":"Ost\u00e9opathie"}]},{"@type":"WebSite","@id":"https:\/\/pes-ain.fr\/reyrieux\/#website","url":"https:\/\/pes-ain.fr\/reyrieux\/","name":"P\u00f4le Equilibre&amp;Sant\u00e9 de Reyrieux","description":"","potentialAction":[{"@type":"SearchAction","target":{"@type":"EntryPoint","urlTemplate":"https:\/\/pes-ain.fr\/reyrieux\/?s={search_term_string}"},"query-input":"required name=search_term_string"}],"inLanguage":"fr-FR"}]}},"_links":{"self":[{"href":"https:\/\/pes-ain.fr\/reyrieux\/wp-json\/wp\/v2\/pages\/45"}],"collection":[{"href":"https:\/\/pes-ain.fr\/reyrieux\/wp-json\/wp\/v2\/pages"}],"about":[{"href":"https:\/\/pes-ain.fr\/reyrieux\/wp-json\/wp\/v2\/types\/page"}],"author":[{"embeddable":true,"href":"https:\/\/pes-ain.fr\/reyrieux\/wp-json\/wp\/v2\/users\/1"}],"replies":[{"embeddable":true,"href":"https:\/\/pes-ain.fr\/reyrieux\/wp-json\/wp\/v2\/comments?post=45"}],"version-history":[{"count":2,"href":"https:\/\/pes-ain.fr\/reyrieux\/wp-json\/wp\/v2\/pages\/45\/revisions"}],"predecessor-version":[{"id":109,"href":"https:\/\/pes-ain.fr\/reyrieux\/wp-json\/wp\/v2\/pages\/45\/revisions\/109"}],"wp:attachment":[{"href":"https:\/\/pes-ain.fr\/reyrieux\/wp-json\/wp\/v2\/media?parent=45"}],"curies":[{"name":"wp","href":"https:\/\/api.w.org\/{rel}","templated":true}]}}