{"id":43,"date":"2014-09-04T22:44:00","date_gmt":"2014-09-04T21:44:00","guid":{"rendered":"https:\/\/pes-ain.fr\/reyrieux\/?page_id=43"},"modified":"2017-10-21T13:51:32","modified_gmt":"2017-10-21T11:51:32","slug":"consultation-osteopathique","status":"publish","type":"page","link":"https:\/\/pes-ain.fr\/reyrieux\/consultation-osteopathique\/","title":{"rendered":"Consultation Ost\u00e9opathique"},"content":{"rendered":"<div class=\"fusion-fullwidth fullwidth-box fusion-builder-row-1 hundred-percent-fullwidth non-hundred-percent-height-scrolling\" style=\"--awb-border-radius-top-left:0px;--awb-border-radius-top-right:0px;--awb-border-radius-bottom-right:0px;--awb-border-radius-bottom-left:0px;--awb-overflow:visible;\" ><div class=\"fusion-builder-row fusion-row\"><div class=\"fusion-layout-column fusion_builder_column fusion-builder-column-0 fusion_builder_column_1_1 1_1 fusion-one-full fusion-column-first fusion-column-last fusion-column-no-min-height\" style=\"--awb-bg-size:cover;--awb-margin-top:0px;--awb-margin-bottom:0px;\"><div class=\"fusion-column-wrapper fusion-flex-column-wrapper-legacy\"><div class=\"fusion-title title fusion-title-1 fusion-title-center fusion-title-text fusion-title-size-one\"><div class=\"title-sep-container title-sep-container-left\"><div class=\"title-sep sep-double sep-solid\" style=\"border-color:#e0dede;\"><\/div><\/div><span class=\"awb-title-spacer\"><\/span><h1 class=\"title-heading-center fusion-responsive-typography-calculated\" style=\"margin:0;--fontSize:34;line-height:1.41;\"><p class=\"title-heading-center\" data-fontsize=\"34\" data-lineheight=\"47\">D\u00e9roulement d\u2019une consultation Ost\u00e9opathique<\/p><\/h1><span class=\"awb-title-spacer\"><\/span><div class=\"title-sep-container title-sep-container-right\"><div class=\"title-sep sep-double sep-solid\" style=\"border-color:#e0dede;\"><\/div><\/div><\/div><div class=\"fusion-text fusion-text-1\"><p style=\"text-align: justify;\">La consultation peut durer entre 30min et 1h suivant le motif de consultation, elle se d\u00e9composera en 4 parties :<\/p>\n<\/div><div class=\"fusion-title title fusion-title-2 fusion-sep-none fusion-title-text fusion-title-size-two\"><h2 class=\"title-heading-left fusion-responsive-typography-calculated\" style=\"margin:0;--fontSize:28;line-height:1.5;\">Anamn\u00e8se<\/h2><\/div><div class=\"fusion-text fusion-text-2\"><p style=\"text-align: justify;\">Afin de comprendre pourquoi la douleur est pr\u00e9sente dans une r\u00e9gion, l\u2019ost\u00e9opathe vous posera des questions pour comprendre l\u2019histoire de votre corps afin de prendre en compte votre v\u00e9cu mais \u00e9galement votre \u00e9tat d\u2019esprit du moment.<\/p>\n<\/div><div class=\"fusion-title title fusion-title-3 fusion-sep-none fusion-title-text fusion-title-size-two\"><h2 class=\"title-heading-left fusion-responsive-typography-calculated\" style=\"margin:0;--fontSize:28;line-height:1.5;\">Tests, Diagnostic diff\u00e9rentiel\/Examen clinique<\/h2><\/div><div class=\"fusion-text fusion-text-3\"><p style=\"text-align: justify;\">Suivant le motif de consultation et le type de douleur, l\u2019ost\u00e9opathe effectuera un examen clinique afin de savoir s\u2018il peut traiter ou s\u2019il doit r\u00e9orienter le patient vers un m\u00e9decin en vue de faire des examens compl\u00e9mentaires ou vers une autre profession param\u00e9dicale plus adapt\u00e9e.<br \/>\nSi l\u2019examen clinique est n\u00e9gatif alors l\u2019ost\u00e9opathe r\u00e9alisera des tests articulaires, fasciaux, musculaires, visc\u00e9raux et cr\u00e2niens afin d\u2019\u00e9valuer les restrictions de mobilit\u00e9s et de comprendre le m\u00e9canisme l\u00e9sionnel qui provoque la douleur.<\/p>\n<\/div><div class=\"fusion-title title fusion-title-4 fusion-sep-none fusion-title-text fusion-title-size-two\"><h2 class=\"title-heading-left fusion-responsive-typography-calculated\" style=\"margin:0;--fontSize:28;line-height:1.5;\">Traitement ost\u00e9opathique<\/h2><\/div><div class=\"fusion-text fusion-text-4\"><p style=\"text-align: justify;\">Le traitement consistera \u00e0 redonner de la mobilit\u00e9 \u00e0 la \/ aux r\u00e9gion(s) en restriction afin d\u2019aider le corps qui aura alors la capacit\u00e9 de s\u2019autor\u00e9guler.<\/p>\n<p style=\"text-align: justify;\">Pour cela l\u2019ost\u00e9opathe utilisera les techniques les plus adapt\u00e9es au patient.<\/p>\n<\/div><div class=\"fusion-title title fusion-title-5 fusion-sep-none fusion-title-text fusion-title-size-two\"><h2 class=\"title-heading-left fusion-responsive-typography-calculated\" style=\"margin:0;--fontSize:28;line-height:1.5;\">Conseils<\/h2><\/div><div class=\"fusion-text fusion-text-5\"><p style=\"text-align: justify;\">Les conseils donn\u00e9s par l\u2019ost\u00e9opathe seront souvent en relation avec leur hygi\u00e8ne de vie afin d\u2019aider un maximum le corps pour que le traitement soit plus efficace possible.<br \/>\nIl pr\u00e9viendra \u00e9galement le patient sur les \u00e9ventuels effets secondaires li\u00e9s au traitement.<\/p>\n<\/div><div class=\"fusion-clearfix\"><\/div><\/div><\/div><div class=\"fusion-layout-column fusion_builder_column fusion-builder-column-1 fusion_builder_column_1_1 1_1 fusion-one-full fusion-column-first fusion-column-last fusion-column-no-min-height\" style=\"--awb-bg-size:cover;--awb-margin-top:0px;--awb-margin-bottom:0px;\"><div class=\"fusion-column-wrapper fusion-flex-column-wrapper-legacy\"><div class=\"fusion-title title fusion-title-6 fusion-title-center fusion-title-text fusion-title-size-one\"><div class=\"title-sep-container title-sep-container-left\"><div class=\"title-sep sep-double sep-solid\" style=\"border-color:#e0dede;\"><\/div><\/div><span class=\"awb-title-spacer\"><\/span><h1 class=\"title-heading-center fusion-responsive-typography-calculated\" style=\"margin:0;--fontSize:34;line-height:1.41;\">Honoraires \/ Remboursement<\/h1><span class=\"awb-title-spacer\"><\/span><div class=\"title-sep-container title-sep-container-right\"><div class=\"title-sep sep-double sep-solid\" style=\"border-color:#e0dede;\"><\/div><\/div><\/div><div class=\"fusion-title title fusion-title-7 fusion-sep-none fusion-title-text fusion-title-size-two\"><h2 class=\"title-heading-left fusion-responsive-typography-calculated\" style=\"margin:0;--fontSize:28;line-height:1.5;\">Honoraires<\/h2><\/div><div class=\"fusion-text fusion-text-6\"><ul>\n<li>Consultation adulte au cabinet : 50\u20ac<\/li>\n<li>Consultation p\u00e9diatrique : 40\u20ac<\/li>\n<li>Consultation \u00e0 domicile : 70\u20ac<\/li>\n<\/ul>\n<\/div><div class=\"fusion-title title fusion-title-8 fusion-sep-none fusion-title-text fusion-title-size-two\"><h2 class=\"title-heading-left fusion-responsive-typography-calculated\" style=\"margin:0;--fontSize:28;line-height:1.5;\">Remboursement<\/h2><\/div><div class=\"fusion-text fusion-text-7\"><p style=\"text-align: justify;\">Les actes d\u2019ost\u00e9opathie n\u2019\u00e9tant pas pris en charge par la S\u00e9curit\u00e9 Sociale et devant la demande croissante des patients, de nombreuses mutuelles remboursent la totalit\u00e9 ou une partie du montant de la consultation ost\u00e9opathique. La hauteur du remboursement \u00e9tant tr\u00e8s variable d\u2019une mutuelle \u00e0 l\u2019autre, mais \u00e9galement d\u2019un contrat \u00e0 un autre, nous vous conseillons de prendre contact directement avec votre mutuelle afin de vous renseigner.<\/p>\n<\/div><div class=\"fusion-clearfix\"><\/div><\/div><\/div><\/div><\/div>\n","protected":false},"excerpt":{"rendered":"","protected":false},"author":1,"featured_media":0,"parent":0,"menu_order":0,"comment_status":"open","ping_status":"open","template":"","meta":[],"yoast_head":"<!-- This site is optimized with the Yoast SEO plugin v21.1 - https:\/\/yoast.com\/wordpress\/plugins\/seo\/ -->\n<title>Consultation Ost\u00e9opathique - P\u00f4le Equilibre&amp;Sant\u00e9 de Reyrieux<\/title>\n<meta name=\"robots\" content=\"index, follow, max-snippet:-1, max-image-preview:large, max-video-preview:-1\" \/>\n<link rel=\"canonical\" href=\"https:\/\/pes-ain.fr\/reyrieux\/consultation-osteopathique\/\" \/>\n<meta property=\"og:locale\" content=\"fr_FR\" \/>\n<meta property=\"og:type\" content=\"article\" \/>\n<meta property=\"og:title\" content=\"Consultation Ost\u00e9opathique - P\u00f4le Equilibre&amp;Sant\u00e9 de Reyrieux\" \/>\n<meta property=\"og:url\" content=\"https:\/\/pes-ain.fr\/reyrieux\/consultation-osteopathique\/\" \/>\n<meta property=\"og:site_name\" content=\"P\u00f4le Equilibre&amp;Sant\u00e9 de Reyrieux\" \/>\n<meta property=\"article:modified_time\" content=\"2017-10-21T11:51:32+00:00\" \/>\n<meta name=\"twitter:card\" content=\"summary_large_image\" \/>\n<meta name=\"twitter:label1\" content=\"Dur\u00e9e de lecture estim\u00e9e\" \/>\n\t<meta name=\"twitter:data1\" content=\"4 minutes\" \/>\n<script type=\"application\/ld+json\" class=\"yoast-schema-graph\">{\"@context\":\"https:\/\/schema.org\",\"@graph\":[{\"@type\":\"WebPage\",\"@id\":\"https:\/\/pes-ain.fr\/reyrieux\/consultation-osteopathique\/\",\"url\":\"https:\/\/pes-ain.fr\/reyrieux\/consultation-osteopathique\/\",\"name\":\"Consultation Ost\u00e9opathique - P\u00f4le Equilibre&amp;Sant\u00e9 de Reyrieux\",\"isPartOf\":{\"@id\":\"https:\/\/pes-ain.fr\/reyrieux\/#website\"},\"datePublished\":\"2014-09-04T21:44:00+00:00\",\"dateModified\":\"2017-10-21T11:51:32+00:00\",\"breadcrumb\":{\"@id\":\"https:\/\/pes-ain.fr\/reyrieux\/consultation-osteopathique\/#breadcrumb\"},\"inLanguage\":\"fr-FR\",\"potentialAction\":[{\"@type\":\"ReadAction\",\"target\":[\"https:\/\/pes-ain.fr\/reyrieux\/consultation-osteopathique\/\"]}]},{\"@type\":\"BreadcrumbList\",\"@id\":\"https:\/\/pes-ain.fr\/reyrieux\/consultation-osteopathique\/#breadcrumb\",\"itemListElement\":[{\"@type\":\"ListItem\",\"position\":1,\"name\":\"Accueil\",\"item\":\"https:\/\/pes-ain.fr\/reyrieux\/\"},{\"@type\":\"ListItem\",\"position\":2,\"name\":\"Consultation Ost\u00e9opathique\"}]},{\"@type\":\"WebSite\",\"@id\":\"https:\/\/pes-ain.fr\/reyrieux\/#website\",\"url\":\"https:\/\/pes-ain.fr\/reyrieux\/\",\"name\":\"P\u00f4le Equilibre&amp;Sant\u00e9 de Reyrieux\",\"description\":\"\",\"potentialAction\":[{\"@type\":\"SearchAction\",\"target\":{\"@type\":\"EntryPoint\",\"urlTemplate\":\"https:\/\/pes-ain.fr\/reyrieux\/?s={search_term_string}\"},\"query-input\":\"required name=search_term_string\"}],\"inLanguage\":\"fr-FR\"}]}<\/script>\n<!-- \/ Yoast SEO plugin. -->","yoast_head_json":{"title":"Consultation Ost\u00e9opathique - P\u00f4le Equilibre&amp;Sant\u00e9 de Reyrieux","robots":{"index":"index","follow":"follow","max-snippet":"max-snippet:-1","max-image-preview":"max-image-preview:large","max-video-preview":"max-video-preview:-1"},"canonical":"https:\/\/pes-ain.fr\/reyrieux\/consultation-osteopathique\/","og_locale":"fr_FR","og_type":"article","og_title":"Consultation Ost\u00e9opathique - P\u00f4le Equilibre&amp;Sant\u00e9 de Reyrieux","og_url":"https:\/\/pes-ain.fr\/reyrieux\/consultation-osteopathique\/","og_site_name":"P\u00f4le Equilibre&amp;Sant\u00e9 de Reyrieux","article_modified_time":"2017-10-21T11:51:32+00:00","twitter_card":"summary_large_image","twitter_misc":{"Dur\u00e9e de lecture estim\u00e9e":"4 minutes"},"schema":{"@context":"https:\/\/schema.org","@graph":[{"@type":"WebPage","@id":"https:\/\/pes-ain.fr\/reyrieux\/consultation-osteopathique\/","url":"https:\/\/pes-ain.fr\/reyrieux\/consultation-osteopathique\/","name":"Consultation Ost\u00e9opathique - P\u00f4le Equilibre&amp;Sant\u00e9 de Reyrieux","isPartOf":{"@id":"https:\/\/pes-ain.fr\/reyrieux\/#website"},"datePublished":"2014-09-04T21:44:00+00:00","dateModified":"2017-10-21T11:51:32+00:00","breadcrumb":{"@id":"https:\/\/pes-ain.fr\/reyrieux\/consultation-osteopathique\/#breadcrumb"},"inLanguage":"fr-FR","potentialAction":[{"@type":"ReadAction","target":["https:\/\/pes-ain.fr\/reyrieux\/consultation-osteopathique\/"]}]},{"@type":"BreadcrumbList","@id":"https:\/\/pes-ain.fr\/reyrieux\/consultation-osteopathique\/#breadcrumb","itemListElement":[{"@type":"ListItem","position":1,"name":"Accueil","item":"https:\/\/pes-ain.fr\/reyrieux\/"},{"@type":"ListItem","position":2,"name":"Consultation Ost\u00e9opathique"}]},{"@type":"WebSite","@id":"https:\/\/pes-ain.fr\/reyrieux\/#website","url":"https:\/\/pes-ain.fr\/reyrieux\/","name":"P\u00f4le Equilibre&amp;Sant\u00e9 de Reyrieux","description":"","potentialAction":[{"@type":"SearchAction","target":{"@type":"EntryPoint","urlTemplate":"https:\/\/pes-ain.fr\/reyrieux\/?s={search_term_string}"},"query-input":"required name=search_term_string"}],"inLanguage":"fr-FR"}]}},"_links":{"self":[{"href":"https:\/\/pes-ain.fr\/reyrieux\/wp-json\/wp\/v2\/pages\/43"}],"collection":[{"href":"https:\/\/pes-ain.fr\/reyrieux\/wp-json\/wp\/v2\/pages"}],"about":[{"href":"https:\/\/pes-ain.fr\/reyrieux\/wp-json\/wp\/v2\/types\/page"}],"author":[{"embeddable":true,"href":"https:\/\/pes-ain.fr\/reyrieux\/wp-json\/wp\/v2\/users\/1"}],"replies":[{"embeddable":true,"href":"https:\/\/pes-ain.fr\/reyrieux\/wp-json\/wp\/v2\/comments?post=43"}],"version-history":[{"count":2,"href":"https:\/\/pes-ain.fr\/reyrieux\/wp-json\/wp\/v2\/pages\/43\/revisions"}],"predecessor-version":[{"id":111,"href":"https:\/\/pes-ain.fr\/reyrieux\/wp-json\/wp\/v2\/pages\/43\/revisions\/111"}],"wp:attachment":[{"href":"https:\/\/pes-ain.fr\/reyrieux\/wp-json\/wp\/v2\/media?parent=43"}],"curies":[{"name":"wp","href":"https:\/\/api.w.org\/{rel}","templated":true}]}}