{"id":36,"date":"2013-09-04T22:59:55","date_gmt":"2013-09-04T21:59:55","guid":{"rendered":"https:\/\/pes-ain.fr\/?page_id=24"},"modified":"2020-07-12T17:51:19","modified_gmt":"2020-07-12T15:51:19","slug":"contact","status":"publish","type":"page","link":"https:\/\/pes-ain.fr\/reyrieux\/contact\/","title":{"rendered":"Nous Contacter"},"content":{"rendered":"<p><div class=\"fusion-fullwidth fullwidth-box fusion-builder-row-1 hundred-percent-fullwidth non-hundred-percent-height-scrolling\" style=\"--awb-border-radius-top-left:0px;--awb-border-radius-top-right:0px;--awb-border-radius-bottom-right:0px;--awb-border-radius-bottom-left:0px;--awb-padding-top:0px;--awb-padding-right:0px;--awb-padding-bottom:0px;--awb-padding-left:0px;--awb-margin-top:0px;--awb-margin-bottom:0px;\" ><div class=\"fusion-builder-row fusion-row\"><div class=\"fusion-layout-column fusion_builder_column fusion-builder-column-0 fusion_builder_column_1_1 1_1 fusion-one-full fusion-column-first fusion-column-last\" style=\"--awb-bg-size:cover;--awb-margin-top:0px;--awb-margin-bottom:0px;\"><div class=\"fusion-column-wrapper fusion-flex-column-wrapper-legacy\">\t\t\t\t\t<script type=\"text\/javascript\">\n\t\t\t\t\t\tvar map_fusion_map_69f2cdb784228;\n\t\t\t\t\t\tvar markers = [];\n\t\t\t\t\t\tvar counter = 0;\n\t\t\t\t\t\t\t\t\t\t\t\t\t\t\t\t\t\t\t\tvar fusionMapNonce = '02c80aebb1';\n\t\t\t\t\t\t\t\t\t\t\t\tfunction fusion_run_map_fusion_map_69f2cdb784228() {\n\t\t\t\t\t\t\tjQuery('#fusion_map_69f2cdb784228').fusion_maps({\n\t\t\t\t\t\t\t\taddresses: [{\"address\":\"323 Route de Veissieux le Bas<br \\\/>\\n01600 Reyrieux\",\"infobox_content\":\"<center>P\\u00f4le Equilibre&Sant\\u00e9 de Reyrieux<br \\\/> 323 Route de Veissieux le Bas<br \\\/> 01600 Reyrieux<\\\/center>\",\"marker\":\"https:\\\/\\\/pes-moselle.fr\\\/yutz\\\/wp-content\\\/uploads\\\/sites\\\/2\\\/2017\\\/01\\\/Marker-Map-PES_site.png\",\"coordinates\":false,\"cache\":true,\"latitude\":\"45.9311949\",\"longitude\":\"4.825027200000022\"}],\n\t\t\t\t\t\t\t\tanimations: false,\n\t\t\t\t\t\t\t\tinfobox_background_color: '#ffffff',\n\t\t\t\t\t\t\t\tinfobox_styling: 'custom',\n\t\t\t\t\t\t\t\tinfobox_text_color: '#000000',\n\t\t\t\t\t\t\t\tmap_style: 'custom',\n\t\t\t\t\t\t\t\tmap_type: 'roadmap',\n\t\t\t\t\t\t\t\tmarker_icon: 'https:\/\/pes-moselle.fr\/yutz\/wp-content\/uploads\/sites\/2\/2017\/01\/Marker-Map-PES_site.png',\n\t\t\t\t\t\t\t\toverlay_color: '',\n\t\t\t\t\t\t\t\toverlay_color_hsl: {\"hue\":0,\"sat\":0,\"lum\":100},\n\t\t\t\t\t\t\t\tpan_control: true,\n\t\t\t\t\t\t\t\tshow_address: true,\n\t\t\t\t\t\t\t\tscale_control: true,\n\t\t\t\t\t\t\t\tscrollwheel: true,\n\t\t\t\t\t\t\t\tzoom: 15,\n\t\t\t\t\t\t\t\tzoom_control: true,\n\t\t\t\t\t\t\t});\n\t\t\t\t\t\t}\n\n\t\t\t\t\t\tgoogle.maps.event.addDomListener(window, 'load', fusion_run_map_fusion_map_69f2cdb784228);\n\t\t\t\t\t<\/script>\n\t\t\t\t\t<div class=\"shortcode-map fusion-google-map fusion-maps-js-type\" style=\"--awb-height:400px;\" id=\"fusion_map_69f2cdb784228\"><\/div><div class=\"fusion-clearfix\"><\/div><\/div><\/div><\/div><\/div><div class=\"fusion-fullwidth fullwidth-box fusion-builder-row-2 nonhundred-percent-fullwidth non-hundred-percent-height-scrolling fusion-no-small-visibility fusion-no-medium-visibility\" style=\"--awb-border-radius-top-left:0px;--awb-border-radius-top-right:0px;--awb-border-radius-bottom-right:0px;--awb-border-radius-bottom-left:0px;\" ><div class=\"fusion-builder-row fusion-row\"><div class=\"fusion-layout-column fusion_builder_column fusion-builder-column-1 fusion_builder_column_1_1 1_1 fusion-one-full fusion-column-first fusion-column-last\" style=\"--awb-bg-size:cover;--awb-margin-top:0px;--awb-margin-bottom:0px;\"><div class=\"fusion-column-wrapper fusion-flex-column-wrapper-legacy\"><div class=\"fusion-title title fusion-title-1 fusion-title-center fusion-title-text fusion-title-size-one\"><div class=\"title-sep-container title-sep-container-left\"><div class=\"title-sep sep-double sep-solid\" style=\"border-color:#e0dede;\"><\/div><\/div><span class=\"awb-title-spacer\"><\/span><h1 class=\"title-heading-center fusion-responsive-typography-calculated\" style=\"margin:0;--fontSize:34;line-height:1.41;\">Nous Contacter<\/h1><span class=\"awb-title-spacer\"><\/span><div class=\"title-sep-container title-sep-container-right\"><div class=\"title-sep sep-double sep-solid\" style=\"border-color:#e0dede;\"><\/div><\/div><\/div><div class=\"fusion-text fusion-text-1\"><p style=\"text-align: justify;\">Le cabinet se situe dans le centre de la commune de Reyrieux, en face de la pharmacie au rez-de-chauss\u00e9e. Plusieurs parkings gratuits se trouvent \u00e0 proximit\u00e9.<\/p>\n<p style=\"text-align: justify;\">Vous souhaitez contacter un th\u00e9rapeute du P\u00f4le Equilibre&amp;Sant\u00e9 de Reyrieux pour poser des questions ou prendre rendez-vous? Pour cela, rien de plus simple : nous vous invitons \u00e0 remplir ce formulaire de contact et nous t\u00e2cherons\u00a0de vous r\u00e9pondre dans les plus brefs d\u00e9lais.<\/p>\n<p style=\"text-align: justify;\">Vous pouvez\u00a0\u00e9galement\u00a0prendre contact par t\u00e9l\u00e9phone :<\/p>\n<p style=\"text-align: justify;\"><i class=\"fb-icon-element-1 fb-icon-element fontawesome-icon fa fa-phone circle-no fusion-text-flow\" style=\"--awb-font-size:20px;--awb-margin-right:10px;\"><\/i><b>Ost\u00e9opathie :<\/b>\u00a006.98.35.52.49<\/p>\n<p style=\"text-align: justify;\">Veuillez noter que nous \u00e9vitons de d\u00e9crocher\u00a0lorsque nous sommes en consultation, mais vous pouvez laisser un message avec vos coordonn\u00e9es pour que nous puissions vous rappeler d\u00e8s que possible.<\/p>\n<p style=\"text-align: justify;\">\n<div class=\"wpcf7 no-js\" id=\"wpcf7-f115-o1\" lang=\"fr-FR\" dir=\"ltr\">\n<div class=\"screen-reader-response\"><p role=\"status\" aria-live=\"polite\" aria-atomic=\"true\"><\/p> <ul><\/ul><\/div>\n<form action=\"\/reyrieux\/wp-json\/wp\/v2\/pages\/36#wpcf7-f115-o1\" method=\"post\" class=\"wpcf7-form init\" aria-label=\"Formulaire de contact\" novalidate=\"novalidate\" data-status=\"init\">\n<div style=\"display: none;\">\n<input type=\"hidden\" name=\"_wpcf7\" value=\"115\" \/>\n<input type=\"hidden\" name=\"_wpcf7_version\" value=\"5.7.7\" \/>\n<input type=\"hidden\" name=\"_wpcf7_locale\" value=\"fr_FR\" \/>\n<input type=\"hidden\" name=\"_wpcf7_unit_tag\" value=\"wpcf7-f115-o1\" \/>\n<input type=\"hidden\" name=\"_wpcf7_container_post\" value=\"0\" \/>\n<input type=\"hidden\" name=\"_wpcf7_posted_data_hash\" value=\"\" \/>\n<input type=\"hidden\" name=\"_wpcf7_recaptcha_response\" value=\"\" \/>\n<\/div>\n<table width=100% align=\"center\">\n\t<tr width=100% >\n\t\t<td width=49% align=\"center\">\n\t\t\t<p>S\u00e9lectionner le(s) professionnel(s) \u00e0 qui envoyer un message\n\t\t\t<\/p>\n\t\t\t<p><span class=\"wpcf7-form-control-wrap\" data-name=\"service\"><select class=\"wpcf7-form-control wpcf7-select wpcf7-validates-as-required\" aria-required=\"true\" aria-invalid=\"false\" name=\"service\"><option value=\"Ost\u00e9opathe\">Ost\u00e9opathe<\/option><\/select><\/span>\n\t\t\t<\/p>\n\t\t<\/td>\n\t\t<td width=2% >\n\t\t<\/td>\n\t\t<td width=49% align=\"center\">\n\t\t\t<p>Votre nom (obligatoire)\n\t\t\t<\/p>\n\t\t\t<p><span class=\"wpcf7-form-control-wrap\" data-name=\"your-name\"><input size=\"40\" class=\"wpcf7-form-control wpcf7-text wpcf7-validates-as-required\" aria-required=\"true\" aria-invalid=\"false\" value=\"\" type=\"text\" name=\"your-name\" \/><\/span>\n\t\t\t<\/p>\n\t\t<\/td>\n\t<\/tr>\n\t<tr width=100% >\n\t\t<td width=49% align=\"center\">\n\t\t\t<p>Votre email (obligatoire)\n\t\t\t<\/p>\n\t\t\t<p><span class=\"wpcf7-form-control-wrap\" data-name=\"your-email\"><input size=\"40\" class=\"wpcf7-form-control wpcf7-text wpcf7-email wpcf7-validates-as-required wpcf7-validates-as-email\" aria-required=\"true\" aria-invalid=\"false\" value=\"\" type=\"email\" name=\"your-email\" \/><\/span>\n\t\t\t<\/p>\n\t\t<\/td>\n\t\t<td width=2% >\n\t\t<\/td>\n\t\t<td width=49% align=\"center\">\n\t\t\t<p>Sujet (obligatoire)\n\t\t\t<\/p>\n\t\t\t<p><span class=\"wpcf7-form-control-wrap\" data-name=\"your-subject\"><input size=\"40\" class=\"wpcf7-form-control wpcf7-text wpcf7-validates-as-required\" aria-required=\"true\" aria-invalid=\"false\" value=\"\" type=\"text\" name=\"your-subject\" \/><\/span>\n\t\t\t<\/p>\n\t\t<\/td>\n\t<\/tr>\n\t<tr width=100% >\n\t\t<td colspan=\"3\" align=\"center\">\n\t\t\t<p>Votre message\n\t\t\t<\/p>\n\t\t\t<p><span class=\"wpcf7-form-control-wrap\" data-name=\"your-message\"><textarea cols=\"40\" rows=\"10\" class=\"wpcf7-form-control wpcf7-textarea\" aria-invalid=\"false\" name=\"your-message\"><\/textarea><\/span>\n\t\t\t<\/p>\n\t\t<\/td>\n\t<\/tr>\n\t<tr width=100% >\n\t\t<td width=49% align=\"center\">\n\t\t\n\t\t<\/td>\n\t\t<td width=2% >\n\t\t<\/td>\n\t\t<td width=49% align=\"center\">\n\t\t\t<p><input class=\"wpcf7-form-control has-spinner wpcf7-submit\" type=\"submit\" value=\"Envoyer\" \/>\n\t\t\t<\/p>\n\t\t<\/td>\n\t<\/tr>\n<\/table><p style=\"display: none !important;\" class=\"akismet-fields-container\" data-prefix=\"_wpcf7_ak_\"><label>&#916;<textarea name=\"_wpcf7_ak_hp_textarea\" cols=\"45\" rows=\"8\" maxlength=\"100\"><\/textarea><\/label><input type=\"hidden\" id=\"ak_js_1\" name=\"_wpcf7_ak_js\" value=\"72\"\/><script type=\"text\/javascript\">\ndocument.getElementById( \"ak_js_1\" ).setAttribute( \"value\", ( new Date() ).getTime() );\n<\/script>\n<\/p><div class=\"fusion-alert alert custom alert-custom fusion-alert-center wpcf7-response-output fusion-alert-capitalize alert-dismissable\" role=\"alert\"><div class=\"fusion-alert-content-wrapper\"><span class=\"fusion-alert-content\"><\/span><\/div><button type=\"button\" class=\"close toggle-alert\" data-dismiss=\"alert\" aria-label=\"Close\">&times;<\/button><\/div>\n<\/form>\n<\/div>\n<\/p>\n<\/div><div class=\"fusion-clearfix\"><\/div><\/div><\/div><\/div><\/div><div class=\"fusion-fullwidth fullwidth-box fusion-builder-row-3 nonhundred-percent-fullwidth non-hundred-percent-height-scrolling fusion-no-large-visibility\" style=\"--awb-border-radius-top-left:0px;--awb-border-radius-top-right:0px;--awb-border-radius-bottom-right:0px;--awb-border-radius-bottom-left:0px;\" ><div class=\"fusion-builder-row fusion-row\"><div class=\"fusion-layout-column fusion_builder_column fusion-builder-column-2 fusion_builder_column_1_1 1_1 fusion-one-full fusion-column-first fusion-column-last\" style=\"--awb-bg-size:cover;--awb-margin-top:0px;--awb-margin-bottom:0px;\"><div class=\"fusion-column-wrapper fusion-flex-column-wrapper-legacy\"><div class=\"fusion-title title fusion-title-2 fusion-title-center fusion-title-text fusion-title-size-one\"><div class=\"title-sep-container title-sep-container-left\"><div class=\"title-sep sep-double sep-solid\" style=\"border-color:#e0dede;\"><\/div><\/div><span class=\"awb-title-spacer\"><\/span><h1 class=\"title-heading-center fusion-responsive-typography-calculated\" style=\"margin:0;--fontSize:34;line-height:1.41;\">Nous Contacter<\/p><\/h1><span class=\"awb-title-spacer\"><\/span><div class=\"title-sep-container title-sep-container-right\"><div class=\"title-sep sep-double sep-solid\" style=\"border-color:#e0dede;\"><\/div><\/div><\/div><div class=\"fusion-text fusion-text-2\"><p style=\"text-align: justify;\">Le cabinet se situe dans le centre de la commune de Reyrieux, en face de la pharmacie au rez-de-chauss\u00e9e. Plusieurs parkings gratuits se trouvent \u00e0 proximit\u00e9.<\/p>\n<p style=\"text-align: justify;\">Vous souhaitez contacter un th\u00e9rapeute du P\u00f4le Equilibre&amp;Sant\u00e9 de Reyrieux pour poser des questions ou prendre rendez-vous? Pour cela, rien de plus simple : nous vous invitons \u00e0 remplir ce formulaire de contact et nous t\u00e2cherons\u00a0de vous r\u00e9pondre dans les plus brefs d\u00e9lais.<\/p>\n<p style=\"text-align: justify;\">Vous pouvez\u00a0\u00e9galement\u00a0prendre contact par t\u00e9l\u00e9phone :<\/p>\n<p style=\"text-align: justify;\"><i class=\"fb-icon-element-2 fb-icon-element fontawesome-icon fa fa-phone circle-no fusion-text-flow\" style=\"--awb-font-size:20px;--awb-margin-right:10px;\"><\/i><b>Ost\u00e9opathie :<\/b>\u00a006.98.35.52.49<\/p>\n<p style=\"text-align: justify;\">Veuillez noter que nous \u00e9vitons de d\u00e9crocher\u00a0lorsque nous sommes en consultation, mais vous pouvez laisser un message avec vos coordonn\u00e9es pour que nous puissions vous rappeler d\u00e8s que possible.<\/p>\n<p style=\"text-align: justify;\">\n<div class=\"wpcf7 no-js\" id=\"wpcf7-f116-o2\" lang=\"fr-FR\" dir=\"ltr\">\n<div class=\"screen-reader-response\"><p role=\"status\" aria-live=\"polite\" aria-atomic=\"true\"><\/p> <ul><\/ul><\/div>\n<form action=\"\/reyrieux\/wp-json\/wp\/v2\/pages\/36#wpcf7-f116-o2\" method=\"post\" class=\"wpcf7-form init\" aria-label=\"Formulaire de contact\" novalidate=\"novalidate\" data-status=\"init\">\n<div style=\"display: none;\">\n<input type=\"hidden\" name=\"_wpcf7\" value=\"116\" \/>\n<input type=\"hidden\" name=\"_wpcf7_version\" value=\"5.7.7\" \/>\n<input type=\"hidden\" name=\"_wpcf7_locale\" value=\"fr_FR\" \/>\n<input type=\"hidden\" name=\"_wpcf7_unit_tag\" value=\"wpcf7-f116-o2\" \/>\n<input type=\"hidden\" name=\"_wpcf7_container_post\" value=\"0\" \/>\n<input type=\"hidden\" name=\"_wpcf7_posted_data_hash\" value=\"\" \/>\n<input type=\"hidden\" name=\"_wpcf7_recaptcha_response\" value=\"\" \/>\n<\/div>\n<table width=100% align=\"center\" >\n\t<tr width=100% >\n\t\t<td colspan=\"3\" align=\"center\">\n\t\t\t<p>S\u00e9lectionner le(s) professionnel(s) \u00e0 qui envoyer un message\n\t\t\t<\/p>\n\t\t\t<p><span class=\"wpcf7-form-control-wrap\" data-name=\"service\"><select class=\"wpcf7-form-control wpcf7-select wpcf7-validates-as-required\" aria-required=\"true\" aria-invalid=\"false\" name=\"service\"><option value=\"Ost\u00e9opathie\">Ost\u00e9opathie<\/option><\/select><\/span>\n\t\t\t<\/p>\n\t\t<\/td>\n\t<\/tr>\n\t<tr width=100% >\n\t\t<td colspan=\"3\" align=\"center\">\n\t\t\t<p>Votre nom (obligatoire)\n\t\t\t<\/p>\n\t\t\t<p><span class=\"wpcf7-form-control-wrap\" data-name=\"your-name\"><input size=\"40\" class=\"wpcf7-form-control wpcf7-text wpcf7-validates-as-required\" aria-required=\"true\" aria-invalid=\"false\" value=\"\" type=\"text\" name=\"your-name\" \/><\/span>\n\t\t\t<\/p>\n\t\t<\/td>\n\t<\/tr>\n\t<tr width=100% >\n\t\t<td colspan=\"3\" align=\"center\">\n\t\t\t<p>Votre email (obligatoire)\n\t\t\t<\/p>\n\t\t\t<p><span class=\"wpcf7-form-control-wrap\" data-name=\"your-email\"><input size=\"40\" class=\"wpcf7-form-control wpcf7-text wpcf7-email wpcf7-validates-as-required wpcf7-validates-as-email\" aria-required=\"true\" aria-invalid=\"false\" value=\"\" type=\"email\" name=\"your-email\" \/><\/span>\n\t\t\t<\/p>\n\t\t<\/td>\n\t<\/tr>\n\t<tr width=100% >\n\t\t<td colspan=\"3\" align=\"center\">\n\t\t\t<p>Sujet (obligatoire)\n\t\t\t<\/p>\n\t\t\t<p><span class=\"wpcf7-form-control-wrap\" data-name=\"your-subject\"><input size=\"40\" class=\"wpcf7-form-control wpcf7-text wpcf7-validates-as-required\" aria-required=\"true\" aria-invalid=\"false\" value=\"\" type=\"text\" name=\"your-subject\" \/><\/span>\n\t\t\t<\/p>\n\t\t<\/td>\n\t<\/tr>\n\t<tr width=100% >\n\t\t<td colspan=\"3\" align=\"center\">\n\t\t\t<p>Votre message\n\t\t\t<\/p>\n\t\t\t<p><span class=\"wpcf7-form-control-wrap\" data-name=\"your-message\"><textarea cols=\"40\" rows=\"10\" class=\"wpcf7-form-control wpcf7-textarea\" aria-invalid=\"false\" name=\"your-message\"><\/textarea><\/span>\n\t\t\t<\/p>\n\t\t<\/td>\n\t<\/tr>\n\t<tr width=100% >\n\t\t<td colspan=\"3\" align=\"center\">\n\t\t\n\t\t<\/td>\n\t<\/tr>\n\t<tr width=100% >\n\t\t<td colspan=\"3\" align=\"center\">\n\t\t\t<p><input class=\"wpcf7-form-control has-spinner wpcf7-submit\" type=\"submit\" value=\"Envoyer\" \/>\n\t\t\t<\/p>\n\t\t<\/td>\n\t<\/tr>\n<\/table><p style=\"display: none !important;\" class=\"akismet-fields-container\" data-prefix=\"_wpcf7_ak_\"><label>&#916;<textarea name=\"_wpcf7_ak_hp_textarea\" cols=\"45\" rows=\"8\" maxlength=\"100\"><\/textarea><\/label><input type=\"hidden\" id=\"ak_js_2\" name=\"_wpcf7_ak_js\" value=\"85\"\/><script type=\"text\/javascript\">\ndocument.getElementById( \"ak_js_2\" ).setAttribute( \"value\", ( new Date() ).getTime() );\n<\/script>\n<\/p><div class=\"fusion-alert alert custom alert-custom fusion-alert-center wpcf7-response-output fusion-alert-capitalize alert-dismissable\" role=\"alert\"><div class=\"fusion-alert-content-wrapper\"><span class=\"fusion-alert-content\"><\/span><\/div><button type=\"button\" class=\"close toggle-alert\" data-dismiss=\"alert\" aria-label=\"Close\">&times;<\/button><\/div>\n<\/form>\n<\/div>\n<\/p>\n<\/div><div class=\"fusion-clearfix\"><\/div><\/div><\/div><\/div><\/div><\/p>\n","protected":false},"excerpt":{"rendered":"","protected":false},"author":1,"featured_media":0,"parent":0,"menu_order":0,"comment_status":"open","ping_status":"open","template":"100-width.php","meta":[],"yoast_head":"<!-- This site is optimized with the Yoast SEO plugin v21.1 - https:\/\/yoast.com\/wordpress\/plugins\/seo\/ -->\n<title>Nous Contacter - P\u00f4le Equilibre&amp;Sant\u00e9 de l&#039;Ain<\/title>\n<meta name=\"description\" content=\"Vous souhaitez nous contacter?\" \/>\n<meta name=\"robots\" content=\"index, follow, max-snippet:-1, max-image-preview:large, max-video-preview:-1\" \/>\n<link rel=\"canonical\" href=\"https:\/\/pes-ain.fr\/reyrieux\/contact\/\" \/>\n<meta property=\"og:locale\" content=\"fr_FR\" \/>\n<meta property=\"og:type\" content=\"article\" \/>\n<meta property=\"og:title\" content=\"Nous Contacter - P\u00f4le Equilibre&amp;Sant\u00e9 de l&#039;Ain\" \/>\n<meta property=\"og:description\" content=\"Vous souhaitez nous contacter?\" \/>\n<meta property=\"og:url\" content=\"https:\/\/pes-ain.fr\/reyrieux\/contact\/\" \/>\n<meta property=\"og:site_name\" content=\"P\u00f4le Equilibre&amp;Sant\u00e9 de Reyrieux\" \/>\n<meta property=\"article:modified_time\" content=\"2020-07-12T15:51:19+00:00\" \/>\n<meta name=\"twitter:card\" content=\"summary_large_image\" \/>\n<meta name=\"twitter:label1\" content=\"Dur\u00e9e de lecture estim\u00e9e\" \/>\n\t<meta name=\"twitter:data1\" content=\"5 minutes\" \/>\n<script type=\"application\/ld+json\" class=\"yoast-schema-graph\">{\"@context\":\"https:\/\/schema.org\",\"@graph\":[{\"@type\":\"WebPage\",\"@id\":\"https:\/\/pes-ain.fr\/reyrieux\/contact\/\",\"url\":\"https:\/\/pes-ain.fr\/reyrieux\/contact\/\",\"name\":\"Nous Contacter - P\u00f4le Equilibre&Sant\u00e9 de l'Ain\",\"isPartOf\":{\"@id\":\"https:\/\/pes-ain.fr\/reyrieux\/#website\"},\"datePublished\":\"2013-09-04T21:59:55+00:00\",\"dateModified\":\"2020-07-12T15:51:19+00:00\",\"description\":\"Vous souhaitez nous contacter?\",\"breadcrumb\":{\"@id\":\"https:\/\/pes-ain.fr\/reyrieux\/contact\/#breadcrumb\"},\"inLanguage\":\"fr-FR\",\"potentialAction\":[{\"@type\":\"ReadAction\",\"target\":[\"https:\/\/pes-ain.fr\/reyrieux\/contact\/\"]}]},{\"@type\":\"BreadcrumbList\",\"@id\":\"https:\/\/pes-ain.fr\/reyrieux\/contact\/#breadcrumb\",\"itemListElement\":[{\"@type\":\"ListItem\",\"position\":1,\"name\":\"Accueil\",\"item\":\"https:\/\/pes-ain.fr\/reyrieux\/\"},{\"@type\":\"ListItem\",\"position\":2,\"name\":\"Nous Contacter\"}]},{\"@type\":\"WebSite\",\"@id\":\"https:\/\/pes-ain.fr\/reyrieux\/#website\",\"url\":\"https:\/\/pes-ain.fr\/reyrieux\/\",\"name\":\"P\u00f4le Equilibre&amp;Sant\u00e9 de Reyrieux\",\"description\":\"\",\"potentialAction\":[{\"@type\":\"SearchAction\",\"target\":{\"@type\":\"EntryPoint\",\"urlTemplate\":\"https:\/\/pes-ain.fr\/reyrieux\/?s={search_term_string}\"},\"query-input\":\"required name=search_term_string\"}],\"inLanguage\":\"fr-FR\"}]}<\/script>\n<!-- \/ Yoast SEO plugin. -->","yoast_head_json":{"title":"Nous Contacter - P\u00f4le Equilibre&Sant\u00e9 de l'Ain","description":"Vous souhaitez nous contacter?","robots":{"index":"index","follow":"follow","max-snippet":"max-snippet:-1","max-image-preview":"max-image-preview:large","max-video-preview":"max-video-preview:-1"},"canonical":"https:\/\/pes-ain.fr\/reyrieux\/contact\/","og_locale":"fr_FR","og_type":"article","og_title":"Nous Contacter - P\u00f4le Equilibre&Sant\u00e9 de l'Ain","og_description":"Vous souhaitez nous contacter?","og_url":"https:\/\/pes-ain.fr\/reyrieux\/contact\/","og_site_name":"P\u00f4le Equilibre&amp;Sant\u00e9 de Reyrieux","article_modified_time":"2020-07-12T15:51:19+00:00","twitter_card":"summary_large_image","twitter_misc":{"Dur\u00e9e de lecture estim\u00e9e":"5 minutes"},"schema":{"@context":"https:\/\/schema.org","@graph":[{"@type":"WebPage","@id":"https:\/\/pes-ain.fr\/reyrieux\/contact\/","url":"https:\/\/pes-ain.fr\/reyrieux\/contact\/","name":"Nous Contacter - P\u00f4le Equilibre&Sant\u00e9 de l'Ain","isPartOf":{"@id":"https:\/\/pes-ain.fr\/reyrieux\/#website"},"datePublished":"2013-09-04T21:59:55+00:00","dateModified":"2020-07-12T15:51:19+00:00","description":"Vous souhaitez nous contacter?","breadcrumb":{"@id":"https:\/\/pes-ain.fr\/reyrieux\/contact\/#breadcrumb"},"inLanguage":"fr-FR","potentialAction":[{"@type":"ReadAction","target":["https:\/\/pes-ain.fr\/reyrieux\/contact\/"]}]},{"@type":"BreadcrumbList","@id":"https:\/\/pes-ain.fr\/reyrieux\/contact\/#breadcrumb","itemListElement":[{"@type":"ListItem","position":1,"name":"Accueil","item":"https:\/\/pes-ain.fr\/reyrieux\/"},{"@type":"ListItem","position":2,"name":"Nous Contacter"}]},{"@type":"WebSite","@id":"https:\/\/pes-ain.fr\/reyrieux\/#website","url":"https:\/\/pes-ain.fr\/reyrieux\/","name":"P\u00f4le Equilibre&amp;Sant\u00e9 de Reyrieux","description":"","potentialAction":[{"@type":"SearchAction","target":{"@type":"EntryPoint","urlTemplate":"https:\/\/pes-ain.fr\/reyrieux\/?s={search_term_string}"},"query-input":"required name=search_term_string"}],"inLanguage":"fr-FR"}]}},"_links":{"self":[{"href":"https:\/\/pes-ain.fr\/reyrieux\/wp-json\/wp\/v2\/pages\/36"}],"collection":[{"href":"https:\/\/pes-ain.fr\/reyrieux\/wp-json\/wp\/v2\/pages"}],"about":[{"href":"https:\/\/pes-ain.fr\/reyrieux\/wp-json\/wp\/v2\/types\/page"}],"author":[{"embeddable":true,"href":"https:\/\/pes-ain.fr\/reyrieux\/wp-json\/wp\/v2\/users\/1"}],"replies":[{"embeddable":true,"href":"https:\/\/pes-ain.fr\/reyrieux\/wp-json\/wp\/v2\/comments?post=36"}],"version-history":[{"count":9,"href":"https:\/\/pes-ain.fr\/reyrieux\/wp-json\/wp\/v2\/pages\/36\/revisions"}],"predecessor-version":[{"id":195,"href":"https:\/\/pes-ain.fr\/reyrieux\/wp-json\/wp\/v2\/pages\/36\/revisions\/195"}],"wp:attachment":[{"href":"https:\/\/pes-ain.fr\/reyrieux\/wp-json\/wp\/v2\/media?parent=36"}],"curies":[{"name":"wp","href":"https:\/\/api.w.org\/{rel}","templated":true}]}}